{"id":172,"date":"2020-10-23T10:04:20","date_gmt":"2020-10-23T10:04:20","guid":{"rendered":"https:\/\/iregalos.com\/?post_type=product&#038;p=172"},"modified":"2024-12-31T12:05:07","modified_gmt":"2024-12-31T12:05:07","slug":"dji-mavic-mini-combo","status":"publish","type":"product","link":"https:\/\/iregalos.com\/index.php\/producto\/dji-mavic-mini-combo\/","title":{"rendered":"DJI Mavic Mini Combo"},"content":{"rendered":"<div id=\"featurebullets_feature_div\" class=\"celwidget\" data-feature-name=\"featurebullets\" data-csa-c-id=\"d3z282-upbaly-n5eme4-7vhjum\" data-cel-widget=\"featurebullets_feature_div\">\n<div id=\"feature-bullets\" class=\"a-section a-spacing-medium a-spacing-top-small\">\n<ul class=\"a-unordered-list a-vertical a-spacing-mini\">\n<li><span class=\"a-list-item\">Caracter\u00edsticas: DJI Mavic Mini, port\u00e1til y compacto, pesa 249 gr, por ello est\u00e1 incluido en la clase de peso m\u00e1s baja y m\u00e1s segura de los drones, ofrece 30 minutos de vuelo con una carga completa<\/span><\/li>\n<li><span class=\"a-list-item\">Gimbal: DJI Mavic Mini admite fotos a\u00e9reas de 12MP y v\u00eddeo Quad HD de 2.7K, el gimbal motorizado de 3 ejes proporciona una estabilidad superior de la c\u00e1mara y ofrece disparos m\u00e1s fluidos<\/span><\/li>\n<li><span class=\"a-list-item\">Control remoto: el controlador de vuelo mantiene una conexi\u00f3n de video de alta definici\u00f3n hasta a 2 km di distancia, los mandos extra\u00edbles pueden guardarse dentro del controlador<\/span><\/li>\n<li><span class=\"a-list-item\">Fly APP: La aplicaci\u00f3n DJI Fly permite crear pel\u00edculas con pocos taps, tambi\u00e9n dispone del Flight Tutorial, una funci\u00f3n que facilita el uso de Mavic Mini de forma intuitiva<\/span><\/li>\n<li><span class=\"a-list-item\">Contenido: protector c\u00e1mara, 3 x bater\u00eda de vuelo inteligente, control remoto, 3 x h\u00e9lices repuesto, 2 x Cable Micro USB, Cable control remoto (conector Micro USB, USB-C, Lightning), Stick repuesto<\/span><\/li>\n<\/ul>\n<\/div>\n<\/div>\n<div id=\"addOnItem_feature_div\" class=\"celwidget\" data-feature-name=\"addOnItem\" data-csa-c-id=\"1866vz-ddk8jx-bav6bq-wjsylh\" data-cel-widget=\"addOnItem_feature_div\"><\/div>\n<div id=\"andonCord_feature_div\" class=\"celwidget\" data-feature-name=\"andonCord\" data-csa-c-id=\"bfy101-ayl17h-jef994-uj5jag\" data-cel-widget=\"andonCord_feature_div\"><\/div>\n<div id=\"HLCXComparisonJumplink_feature_div\">\n<table class=\"a-normal a-spacing-micro\">\n<tbody>\n<tr class=\"a-spacing-small\">\n<td class=\"a-span3\"><span class=\"a-size-base a-text-bold\">Marca<\/span><\/td>\n<td class=\"a-span9\"><span class=\"a-size-base\">DJI<\/span><\/td>\n<\/tr>\n<tr class=\"a-spacing-small\">\n<td class=\"a-span3\"><span class=\"a-size-base a-text-bold\">Dimensiones del producto: largo x ancho x alto<\/span><\/td>\n<td class=\"a-span9\"><span class=\"a-size-base\">14 x 5.7 x 8.2 cent\u00edmetros<\/span><\/td>\n<\/tr>\n<tr class=\"a-spacing-small\">\n<td class=\"a-span3\"><span class=\"a-size-base a-text-bold\">Peso del producto<\/span><\/td>\n<\/tr>\n<\/tbody>\n<\/table>\n<\/div>\n<div id=\"edpIngress_feature_div\" class=\"celwidget\" data-feature-name=\"edpIngress\" data-csa-c-id=\"cwhhgd-b0fqae-hn1v9w-qjl4eo\" data-cel-widget=\"edpIngress_feature_div\"><\/div>\n<div id=\"newerVersion_feature_div\" class=\"celwidget\" data-feature-name=\"newerVersion\" data-csa-c-id=\"duukw5-x24vxl-vnvkb-rhtzxp\" data-cel-widget=\"newerVersion_feature_div\"><\/div>\n<div id=\"valuePick_feature_div\" class=\"celwidget\" data-feature-name=\"valuePick\" data-csa-c-id=\"m3v5ak-h6h2k0-zaznja-5i8vc2\" data-cel-widget=\"valuePick_feature_div\"><\/div>\n<div id=\"certifiedRefurbishedVersion_feature_div\" class=\"celwidget\" data-feature-name=\"certifiedRefurbishedVersion\" data-csa-c-id=\"ndaci0-xek5ck-u5m265-7flr8d\" data-cel-widget=\"certifiedRefurbishedVersion_feature_div\"><\/div>\n<div id=\"whiteGloveMessage_feature_div\" class=\"celwidget\" data-feature-name=\"whiteGloveMessage\" data-csa-c-id=\"s0buyf-7yhnuj-4ttbn3-ajmi0a\" data-cel-widget=\"whiteGloveMessage_feature_div\"><\/div>\n<div id=\"productAlert_feature_div\" class=\"celwidget\" data-feature-name=\"productAlert\" data-csa-c-id=\"zd5ycw-o5hqub-ajhpt0-1nlp1v\" data-cel-widget=\"productAlert_feature_div\">\n<div id=\"product-alert-grid_feature_div\">\n<div id=\"product-alert-grid_feature_div\">\n<div class=\"unified_widget rcmBody\">\n<p><b>Advertencias:<\/b>\u00a0Utilizar bajo vigilancia de un adulto.<\/p>\n<\/div>\n<\/div>\n<\/div>\n<\/div>\n<p>&nbsp;<\/p>\n","protected":false},"excerpt":{"rendered":"<p>DJI Mavic Mini Combo<\/p>\n<p>Dron Ultraligero y Port\u00e1til, Duraci\u00f3n Bater\u00eda 30 Minutos, Distancia Transmisi\u00f3n 2 Km, Gimbal 3 Ejes, 12 MP, Video HD 2.7K, 3 Bater\u00edas (Enchufe EU)<\/p>\n","protected":false},"featured_media":173,"comment_status":"open","ping_status":"closed","template":"","meta":[],"_links":{"self":[{"href":"https:\/\/iregalos.com\/index.php\/wp-json\/wp\/v2\/product\/172"}],"collection":[{"href":"https:\/\/iregalos.com\/index.php\/wp-json\/wp\/v2\/product"}],"about":[{"href":"https:\/\/iregalos.com\/index.php\/wp-json\/wp\/v2\/types\/product"}],"replies":[{"embeddable":true,"href":"https:\/\/iregalos.com\/index.php\/wp-json\/wp\/v2\/comments?post=172"}],"wp:featuredmedia":[{"embeddable":true,"href":"https:\/\/iregalos.com\/index.php\/wp-json\/wp\/v2\/media\/173"}],"wp:attachment":[{"href":"https:\/\/iregalos.com\/index.php\/wp-json\/wp\/v2\/media?parent=172"}],"curies":[{"name":"wp","href":"https:\/\/api.w.org\/{rel}","templated":true}]}}