{"id":175,"date":"2020-10-23T10:19:46","date_gmt":"2020-10-23T10:19:46","guid":{"rendered":"https:\/\/iregalos.com\/?post_type=product&#038;p=175"},"modified":"2024-09-30T17:40:48","modified_gmt":"2024-09-30T17:40:48","slug":"el-metodo-bullet-journal","status":"publish","type":"product","link":"https:\/\/iregalos.com\/index.php\/producto\/el-metodo-bullet-journal\/","title":{"rendered":"El m\u00e9todo Bullet Journal"},"content":{"rendered":"<p>Como la mayor\u00eda de nosotros, Ryder Carroll trat\u00f3 por todos los medios de organizar su vida: aplicaciones, sistemas, planes, calendarios, programas\u2026 Y nada funcionaba. As\u00ed que se puso a pensar hasta que dio con su propio m\u00e9todo, un sistema que solo necesitaba papel y l\u00e1piz, y que era al mismo tiempo efectivo y poco estresante. Comparti\u00f3 ese m\u00e9todo con algunos amigos y al poco tiempo este se hab\u00eda convertido en un fen\u00f3meno viral. Cientos de miles de personas en todo el mundo siguen hoy su sistema de organizaci\u00f3n.<br \/>\nPero\u00a0<strong><i>El m\u00e9todo Bullet Journal<\/i>\u00a0<\/strong>es mucho m\u00e1s que un libro sobre gesti\u00f3n del tiempo. Es ante todo un manifiesto sobre c\u00f3mo queremos vivir y de qu\u00e9 manera organizar los dos elementos m\u00e1s importantes de nuestra vida: nuestro \u2015escaso\u2015 tiempo y energ\u00eda.<br \/>\nUn libro revolucionario que te ayudar\u00e1 a poner orden, sacar m\u00e1s partido a tu tiempo y alcanzar las metas que te propongas.<\/p>\n<p>Esta versi\u00f3n f\u00edsica de tapa dura la podr\u00e1s encontrar al mejor precio siguiendo el enlace.<\/p>\n","protected":false},"excerpt":{"rendered":"<p id=\"title\" class=\"a-spacing-none a-text-normal\"><span id=\"productTitle\" class=\"a-size-extra-large\">El m\u00e9todo Bullet Journal: Examina tu pasado. Ordena tu presente. Dise\u00f1a tu futuro<\/span><\/p>\n","protected":false},"featured_media":176,"comment_status":"open","ping_status":"closed","template":"","meta":[],"_links":{"self":[{"href":"https:\/\/iregalos.com\/index.php\/wp-json\/wp\/v2\/product\/175"}],"collection":[{"href":"https:\/\/iregalos.com\/index.php\/wp-json\/wp\/v2\/product"}],"about":[{"href":"https:\/\/iregalos.com\/index.php\/wp-json\/wp\/v2\/types\/product"}],"replies":[{"embeddable":true,"href":"https:\/\/iregalos.com\/index.php\/wp-json\/wp\/v2\/comments?post=175"}],"wp:featuredmedia":[{"embeddable":true,"href":"https:\/\/iregalos.com\/index.php\/wp-json\/wp\/v2\/media\/176"}],"wp:attachment":[{"href":"https:\/\/iregalos.com\/index.php\/wp-json\/wp\/v2\/media?parent=175"}],"curies":[{"name":"wp","href":"https:\/\/api.w.org\/{rel}","templated":true}]}}