{"id":178,"date":"2020-10-23T10:27:02","date_gmt":"2020-10-23T10:27:02","guid":{"rendered":"https:\/\/iregalos.com\/?post_type=product&#038;p=178"},"modified":"2025-04-13T08:57:34","modified_gmt":"2025-04-13T08:57:34","slug":"sandisk-extreme-microsdxc-128-gb-v30","status":"publish","type":"product","link":"https:\/\/iregalos.com\/index.php\/producto\/sandisk-extreme-microsdxc-128-gb-v30\/","title":{"rendered":"SanDisk MicroSDXC 128GB"},"content":{"rendered":"<p>SanDisk Extreme MicroSDXC de 128 GB<\/p>\n<ul class=\"a-unordered-list a-vertical a-spacing-mini\">\n<li><span class=\"a-list-item\">Ideal para smartphones y tabletas Android, c\u00e1maras de acci\u00f3n y <strong>drones<\/strong><\/span><\/li>\n<li><span class=\"a-list-item\">Hasta 160\u00a0MB\/s de velocidad de lectura y 90\u00a0MB\/s de velocidad de escritura para disparar y transferir r\u00e1pido<\/span><\/li>\n<li><span class=\"a-list-item\">Categor\u00eda A2 para una carga y un rendimiento de la aplicaci\u00f3n m\u00e1s r\u00e1pidos<\/span><\/li>\n<li><span class=\"a-list-item\">Compatibilidad 4K UHD con UHS Speed Class 3 (U3) y Video Speed Class 30 (V30)<\/span><\/li>\n<li><span class=\"a-list-item\">Fabricadas para ser usadas en condiciones dif\u00edciles y sometidas a ensayos en dichas condiciones, resistentes a temperatura, agua, golpes y rayos X<\/span><\/li>\n<\/ul>\n<p>SanDisk Extreme MicroSDXC de 128 GB con adaptador SD, A2, hasta 160 MB\/s, Class 10, U3 y V30<\/p>\n<p>&nbsp;<\/p>\n<table id=\"productDetails_techSpec_section_1\" class=\"a-keyvalue prodDetTable\" style=\"height: 440px;\" role=\"presentation\" width=\"472\">\n<tbody>\n<tr>\n<th class=\"a-color-secondary a-size-base prodDetSectionEntry\">Marca<\/th>\n<td class=\"a-size-base\">SanDisk<\/td>\n<\/tr>\n<tr>\n<th class=\"a-color-secondary a-size-base prodDetSectionEntry\">Modelo<\/th>\n<td class=\"a-size-base\">SDSQXA1-128G-GN6MA<\/td>\n<\/tr>\n<tr>\n<th class=\"a-color-secondary a-size-base prodDetSectionEntry\">Nombre del modelo<\/th>\n<td class=\"a-size-base\">Extreme microSDXC<\/td>\n<\/tr>\n<tr>\n<th class=\"a-color-secondary a-size-base prodDetSectionEntry\">Dimensiones del producto<\/th>\n<td class=\"a-size-base\">0.1 x 1.5 x 1.09 cm; 4.54 gramos<\/td>\n<\/tr>\n<tr>\n<th class=\"a-color-secondary a-size-base prodDetSectionEntry\">Capacidad de la memoria<\/th>\n<td class=\"a-size-base\">128 GB<\/td>\n<\/tr>\n<tr>\n<th class=\"a-color-secondary a-size-base prodDetSectionEntry\">Tipo de memoria flash<\/th>\n<td class=\"a-size-base\">MicroSDXC<\/td>\n<\/tr>\n<tr>\n<th class=\"a-color-secondary a-size-base prodDetSectionEntry\">Interfaz del hardware<\/th>\n<td class=\"a-size-base\">MicroSDXC<\/td>\n<\/tr>\n<tr>\n<th class=\"a-color-secondary a-size-base prodDetSectionEntry\">Voltaje<\/th>\n<td class=\"a-size-base\">1 Voltios<\/td>\n<\/tr>\n<tr>\n<th class=\"a-color-secondary a-size-base prodDetSectionEntry\">Potencia el\u00e9ctrica<\/th>\n<td class=\"a-size-base\">5<\/td>\n<\/tr>\n<tr>\n<th class=\"a-color-secondary a-size-base prodDetSectionEntry\">Velocidad de transferencia de datos<\/th>\n<td class=\"a-size-base\">160 Gigabits por segundo<\/td>\n<\/tr>\n<tr>\n<th class=\"a-color-secondary a-size-base prodDetSectionEntry\">Peso del producto<\/th>\n<td class=\"a-size-base\">4.54 g<\/td>\n<\/tr>\n<\/tbody>\n<\/table>\n","protected":false},"excerpt":{"rendered":"<p>SanDisk Extreme MicroSDXC de 128 GB Ideal para smartphones y tabletas Android, c\u00e1maras de acci\u00f3n y drones Hasta 160\u00a0MB\/s de&hellip;<\/p>\n","protected":false},"featured_media":179,"comment_status":"open","ping_status":"closed","template":"","meta":[],"_links":{"self":[{"href":"https:\/\/iregalos.com\/index.php\/wp-json\/wp\/v2\/product\/178"}],"collection":[{"href":"https:\/\/iregalos.com\/index.php\/wp-json\/wp\/v2\/product"}],"about":[{"href":"https:\/\/iregalos.com\/index.php\/wp-json\/wp\/v2\/types\/product"}],"replies":[{"embeddable":true,"href":"https:\/\/iregalos.com\/index.php\/wp-json\/wp\/v2\/comments?post=178"}],"wp:featuredmedia":[{"embeddable":true,"href":"https:\/\/iregalos.com\/index.php\/wp-json\/wp\/v2\/media\/179"}],"wp:attachment":[{"href":"https:\/\/iregalos.com\/index.php\/wp-json\/wp\/v2\/media?parent=178"}],"curies":[{"name":"wp","href":"https:\/\/api.w.org\/{rel}","templated":true}]}}