{"id":184,"date":"2020-10-23T14:31:08","date_gmt":"2020-10-23T14:31:08","guid":{"rendered":"https:\/\/iregalos.com\/?post_type=product&#038;p=184"},"modified":"2024-12-31T12:05:23","modified_gmt":"2024-12-31T12:05:23","slug":"newdora-bascula-digital-para-cocina-de-acero-inoxidable","status":"publish","type":"product","link":"https:\/\/iregalos.com\/index.php\/producto\/newdora-bascula-digital-para-cocina-de-acero-inoxidable\/","title":{"rendered":"Newdora B\u00e1scula Digital"},"content":{"rendered":"<p>Newdora B\u00e1scula Digital para Cocina de Acero Inoxidable con Pantalla LCD Balanza de Alimentos, con funci\u00f3n de tara, sistema de sensor de alta precisi\u00f3n escala digital\u00a0Color Plata (Bater\u00edas Incluidas)<\/p>\n<p>&nbsp;<\/p>\n<ul>\n<li>\u27a4Dise\u00f1o bonito\uff1aDise\u00f1ado con una pantalla LCD de alta calidad, f\u00e1cil de leer en convertir unidad r\u00e1pidamente entre de g\/ oz\/ ml\/ ct\/ kg\/ tl\/ fl:oz\/ lb:oz\/ lb. Tambi\u00e9n incluye el indicador de bater\u00eda baja.<\/li>\n<li>\u27a4Alta Precisi\u00f3n\uff1aPesar hasta 5 Kg (11 lbs). Sistema de sensores de alta precisi\u00f3n y caracter\u00edsticas de solo 0,01 oz \/ 1 g de divisi\u00f3n para proporcionar las lecturas de peso m\u00e1s exactas. la balanza ofrece resultados instant\u00e1neos y fiables en todo momento, herramienta ideal para perfeccionar sus habilidades de preparaci\u00f3n de alimentos.<\/li>\n<li>\u27a4Funci\u00f3n Cero\/Tara\uff1aLa funci\u00f3n tara le permite medir los objetos en un contenedor sin tener que incluir el peso del contenedor en la medici\u00f3n final.<\/li>\n<li>\u27a4Apagado Autom\u00e1tico\uff1aPara conservar la energ\u00eda de las bater\u00edas, la retroiluminaci\u00f3n de la pantalla se apagar\u00e1 autom\u00e1ticamente 30 segundos despu\u00e9s de inactividad. Adem\u00e1s, la b\u00e1scula se apagar\u00e1 autom\u00e1ticamente 2 minutos despu\u00e9s de inactividad.<\/li>\n<li>\u27a4Funciona F\u00e1cilmente\uff1aEste producto adopta un dise\u00f1o ecol\u00f3gico con un consumo de energ\u00eda ultra bajo. Funciona con 2 pilas AAA (incluidas) con un compartimiento de pilas de f\u00e1cil acceso.<\/li>\n<\/ul>\n","protected":false},"excerpt":{"rendered":"<p>Newdora B\u00e1scula Digital para Cocina de Acero Inoxidable con Pantalla LCD Balanza de Alimentos, con funci\u00f3n de tara, sistema de sensor de alta precisi\u00f3n escala digital\u00a0Color Plata (Bater\u00edas Incluidas)<\/p>\n<p>&nbsp;<\/p>\n","protected":false},"featured_media":185,"comment_status":"open","ping_status":"closed","template":"","meta":[],"_links":{"self":[{"href":"https:\/\/iregalos.com\/index.php\/wp-json\/wp\/v2\/product\/184"}],"collection":[{"href":"https:\/\/iregalos.com\/index.php\/wp-json\/wp\/v2\/product"}],"about":[{"href":"https:\/\/iregalos.com\/index.php\/wp-json\/wp\/v2\/types\/product"}],"replies":[{"embeddable":true,"href":"https:\/\/iregalos.com\/index.php\/wp-json\/wp\/v2\/comments?post=184"}],"wp:featuredmedia":[{"embeddable":true,"href":"https:\/\/iregalos.com\/index.php\/wp-json\/wp\/v2\/media\/185"}],"wp:attachment":[{"href":"https:\/\/iregalos.com\/index.php\/wp-json\/wp\/v2\/media?parent=184"}],"curies":[{"name":"wp","href":"https:\/\/api.w.org\/{rel}","templated":true}]}}