{"id":201,"date":"2020-10-30T12:34:03","date_gmt":"2020-10-30T12:34:03","guid":{"rendered":"https:\/\/iregalos.com\/?post_type=product&#038;p=201"},"modified":"2025-01-08T20:30:46","modified_gmt":"2025-01-08T20:30:46","slug":"reposa-munecas-gpmr-compact-slim-stealth","status":"publish","type":"product","link":"https:\/\/iregalos.com\/index.php\/producto\/reposa-munecas-gpmr-compact-slim-stealth\/","title":{"rendered":"Reposa mu\u00f1ecas Glorious PC MR Compact Slim Stealth"},"content":{"rendered":"<ul class=\"a-unordered-list a-vertical a-spacing-mini\">\n<li><span class=\"a-list-item\">\u2714\ufe0f RELAJACI\u00d3N PUR: Cuando escribe mucho y mucho tiempo, por ejemplo, en la vida cotidiana de la oficina, o incluso si a menudo toca en su amado teclado largas sesiones de juego, a veces le cansa la mu\u00f1eca. Porque es responsable del hecho de que los dedos siempre golpean las teclas en el \u00e1ngulo correcto. Para los teclados que no tienen una almohadilla para la mu\u00f1eca, el Glorious PC Gaming Wrist Pad que se ofrece aqu\u00ed es el complemento perfecto.<\/span><\/li>\n<li><span class=\"a-list-item\">\u2714\ufe0f TAMA\u00d1O IDEAL: El reposamu\u00f1ecas de Glorious PC Gaming Race se encuentra en la versi\u00f3n que se ofrece aqu\u00ed como accesorio opcional y, por supuesto, de aplicaci\u00f3n universal. Con unas dimensiones de 30 cm de ancho, 10 cm de profundidad y 1,3 cm de altura, se adapta a cualquier tipo de teclado compacto.<\/span><\/li>\n<li><span class=\"a-list-item\">\u2714\ufe0f ALTA CALIDAD: Cualitativamente, solo se utilizan materiales de la m\u00e1s alta calidad, la superficie de soporte consiste en una superficie de tela flexible y f\u00e1cil de limpiar con espuma suave y ofrece la m\u00e1xima comodidad para las mu\u00f1ecas. Los bordes cosidos completan la imagen general y dan un aspecto elegante.<\/span><\/li>\n<li><span class=\"a-list-item\">\u2714\ufe0f NON-SLIP: La parte inferior del reposamanos se basa en una base de goma antideslizante y evita el deslizamiento no deseado de la almohadilla.<\/span><\/li>\n<\/ul>\n","protected":false},"excerpt":{"rendered":"<p>Reposa mu\u00f1ecas ergon\u00f3mico para teclado 60% compacto.<\/p>\n","protected":false},"featured_media":207,"comment_status":"open","ping_status":"closed","template":"","meta":[],"_links":{"self":[{"href":"https:\/\/iregalos.com\/index.php\/wp-json\/wp\/v2\/product\/201"}],"collection":[{"href":"https:\/\/iregalos.com\/index.php\/wp-json\/wp\/v2\/product"}],"about":[{"href":"https:\/\/iregalos.com\/index.php\/wp-json\/wp\/v2\/types\/product"}],"replies":[{"embeddable":true,"href":"https:\/\/iregalos.com\/index.php\/wp-json\/wp\/v2\/comments?post=201"}],"wp:featuredmedia":[{"embeddable":true,"href":"https:\/\/iregalos.com\/index.php\/wp-json\/wp\/v2\/media\/207"}],"wp:attachment":[{"href":"https:\/\/iregalos.com\/index.php\/wp-json\/wp\/v2\/media?parent=201"}],"curies":[{"name":"wp","href":"https:\/\/api.w.org\/{rel}","templated":true}]}}